{"id":156,"date":"2019-08-21T16:47:33","date_gmt":"2019-08-21T20:47:33","guid":{"rendered":"https:\/\/creativelabs.education\/?page_id=156"},"modified":"2022-10-07T13:31:22","modified_gmt":"2022-10-07T17:31:22","slug":"paris","status":"publish","type":"page","link":"https:\/\/creativelabs.education\/?page_id=156","title":{"rendered":"Visites \u00e0 Paris"},"content":{"rendered":"\n<h3 class=\"wp-block-heading\">Maker Faire Paris 2019<\/h3>\n\n\n\n<p>Le <a rel=\"noreferrer noopener\" aria-label=\"Maker Faire Paris  (opens in a new tab)\" href=\"https:\/\/paris.makerfaire.com\/\" target=\"_blank\">Maker Faire Paris<\/a> avait lieu du 22 au 24 novembre 2019 \u00e0 la Cit\u00e9 des sciences et de l&#8217;industrie \u00e0 Paris.<\/p>\n\n\n\n<figure class=\"wp-block-image aligncenter size-large\"><img loading=\"lazy\" decoding=\"async\" width=\"600\" height=\"300\" src=\"https:\/\/creativelabs.education\/wp-content\/uploads\/2019\/12\/mfp19-600x300_partenairesok.jpg\" alt=\"\" class=\"wp-image-602\" srcset=\"https:\/\/creativelabs.education\/wp-content\/uploads\/2019\/12\/mfp19-600x300_partenairesok.jpg 600w, https:\/\/creativelabs.education\/wp-content\/uploads\/2019\/12\/mfp19-600x300_partenairesok-300x150.jpg 300w\" sizes=\"auto, (max-width: 600px) 100vw, 600px\" \/><\/figure>\n\n\n\n<p>Notre \u00e9quipe a eu l&#8217;occasion d&#8217;assister \u00e0 l&#8217;\u00e9v\u00e8nement, lisez notre article Maker Faire Paris 2019 pour plus de d\u00e9tails.<\/p>\n\n\n\n<figure class=\"wp-block-gallery has-nested-images columns-default is-cropped wp-block-gallery-1 is-layout-flex wp-block-gallery-is-layout-flex\"><\/figure>\n\n\n\n<p>Notre s\u00e9jour \u00e0 Paris nous a aussi permis de visiter des espaces cr\u00e9atifs.<\/p>\n\n\n\n<div class=\"wp-block-columns has-2-columns is-main-message is-layout-flex wp-container-core-columns-is-layout-28f84493 wp-block-columns-is-layout-flex\">\n<div class=\"wp-block-column is-layout-flow wp-block-column-is-layout-flow\">\n<figure class=\"wp-block-image\"><img decoding=\"async\" src=\"https:\/\/creativelabs.education\/wp-content\/uploads\/2019\/08\/home-1.jpg\" alt=\"\"\/><\/figure>\n\n\n\n<h3 class=\"wp-block-heading\"><a href=\"https:\/\/creativelabs.education\/homemakers\/\" target=\"_blank\" rel=\"noreferrer noopener\" aria-label=\"Homemakers (opens in a new tab)\">Homemakers<\/a><\/h3>\n\n\n\n<p>Fablab sp\u00e9cialis\u00e9 textile et design et r\u00e9sidences de cr\u00e9ateurs.<\/p>\n<\/div>\n\n\n\n<div class=\"wp-block-column is-layout-flow wp-block-column-is-layout-flow\">\n<figure class=\"wp-block-image\"><img decoding=\"async\" src=\"https:\/\/creativelabs.education\/wp-content\/uploads\/2019\/08\/home-2.jpg\" alt=\"\"\/><\/figure>\n\n\n\n<h3 class=\"wp-block-heading\">Woma<\/h3>\n\n\n\n<p>Pour les makers, architectes, designers, \u00e9tudiants, qui travaillent le bois.<\/p>\n<\/div>\n<\/div>\n\n\n\n<div class=\"wp-block-columns has-2-columns is-main-message is-layout-flex wp-container-core-columns-is-layout-28f84493 wp-block-columns-is-layout-flex\">\n<div class=\"wp-block-column is-layout-flow wp-block-column-is-layout-flow\">\n<figure class=\"wp-block-image\"><img decoding=\"async\" src=\"https:\/\/creativelabs.education\/wp-content\/uploads\/2019\/08\/home-2.jpg\" alt=\"\"\/><\/figure>\n\n\n\n<h3 class=\"wp-block-heading\">Villette Makerz<\/h3>\n\n\n\n<p>Lieu culturel, atelier de fabrication, espace de co-working, ateliers cr\u00e9atifs et plus.<\/p>\n<\/div>\n\n\n\n<div class=\"wp-block-column is-layout-flow wp-block-column-is-layout-flow\"><\/div>\n<\/div>\n\n\n\n<div class=\"wp-block-columns has-2-columns is-main-message is-layout-flex wp-container-core-columns-is-layout-28f84493 wp-block-columns-is-layout-flex\">\n<div class=\"wp-block-column is-layout-flow wp-block-column-is-layout-flow\"><\/div>\n\n\n\n<div class=\"wp-block-column is-layout-flow wp-block-column-is-layout-flow\"><\/div>\n<\/div>\n\n\n\n<div style=\"height:27px\" aria-hidden=\"true\" class=\"wp-block-spacer\"><\/div>\n","protected":false},"excerpt":{"rendered":"<p>Maker Faire Paris 2019 Le Maker Faire Paris avait lieu du 22 au 24 novembre 2019 \u00e0 la Cit\u00e9 des<\/p>\n","protected":false},"author":1,"featured_media":0,"parent":0,"menu_order":0,"comment_status":"closed","ping_status":"closed","template":"","meta":{"colormag_page_container_layout":"default_layout","colormag_page_sidebar_layout":"default_layout","_coblocks_attr":"","_coblocks_dimensions":"","_coblocks_responsive_height":"","_coblocks_accordion_ie_support":"","footnotes":""},"class_list":["post-156","page","type-page","status-publish","hentry"],"_links":{"self":[{"href":"https:\/\/creativelabs.education\/index.php?rest_route=\/wp\/v2\/pages\/156","targetHints":{"allow":["GET"]}}],"collection":[{"href":"https:\/\/creativelabs.education\/index.php?rest_route=\/wp\/v2\/pages"}],"about":[{"href":"https:\/\/creativelabs.education\/index.php?rest_route=\/wp\/v2\/types\/page"}],"author":[{"embeddable":true,"href":"https:\/\/creativelabs.education\/index.php?rest_route=\/wp\/v2\/users\/1"}],"replies":[{"embeddable":true,"href":"https:\/\/creativelabs.education\/index.php?rest_route=%2Fwp%2Fv2%2Fcomments&post=156"}],"version-history":[{"count":10,"href":"https:\/\/creativelabs.education\/index.php?rest_route=\/wp\/v2\/pages\/156\/revisions"}],"predecessor-version":[{"id":888,"href":"https:\/\/creativelabs.education\/index.php?rest_route=\/wp\/v2\/pages\/156\/revisions\/888"}],"wp:attachment":[{"href":"https:\/\/creativelabs.education\/index.php?rest_route=%2Fwp%2Fv2%2Fmedia&parent=156"}],"curies":[{"name":"wp","href":"https:\/\/api.w.org\/{rel}","templated":true}]}}